{"id":6,"date":"2018-01-26T08:45:47","date_gmt":"2018-01-26T08:45:47","guid":{"rendered":"http:\/\/2020.innsbruckinternational.com\/?page_id=6"},"modified":"2025-07-14T10:25:15","modified_gmt":"2025-07-14T10:25:15","slug":"home","status":"publish","type":"page","link":"https:\/\/2024.innsbruckinternational.com\/de\/","title":{"rendered":"Startseite"},"content":{"rendered":"<p><\/p>\n<p lang=\"de-DE\" style=\"text-align: left;\" align=\"justify\">INNSBRUCK INTERNATIONAL ist eine Biennale der zeitgen\u00f6ssischen Kunst, die internationale K\u00fcnstler:innen nach Innsbruck einl\u00e4dt, um die Stadt an au\u00dfergew\u00f6hnlichen historischen, sowie zeitgen\u00f6ssischen Orten mit bildender Kunst, Film- und Soundarbeiten, sowie Performances und Installationen zu bespielen.<\/p>\n<p>&nbsp;<\/p>\n<p>Nach seinem 10-Jahres-Jubil\u00e4um 2022 steuert INNSBRUCK INTERNATIONAL mit dem Thema HEAVEN CAN WAIT einen Wegweiser f\u00fcr die kommende Zeit bei: wie umgehen mit Naturkatastrophen, Migration, dem Aussterben von Tierarten und den Auswirkungen auf den einzelnen Menschen \u2013 sich einh\u00f6hlen oder der Katastrophe hingeben? F\u00fcr HEAVEN CAN WAIT hat INNSBRUCK INTERNATIONAL K\u00fcnstler:innen eingeladen, deren Arbeiten Strategien bieten, wie individuelle St\u00e4rke zu einem kollektiven \u00dcberleben beitragen kann.<\/p>","protected":false},"excerpt":{"rendered":"<p>INNSBRUCK INTERNATIONAL ist eine Biennale der zeitgen\u00f6ssischen Kunst, die internationale K\u00fcnstler:innen nach Innsbruck einl\u00e4dt, um die Stadt an au\u00dfergew\u00f6hnlichen historischen, sowie zeitgen\u00f6ssischen Orten mit bildender Kunst, Film- und Soundarbeiten, sowie Performances und Installationen zu bespielen. &nbsp; Nach seinem 10-Jahres-Jubil\u00e4um 2022 steuert INNSBRUCK INTERNATIONAL mit dem Thema HEAVEN CAN WAIT einen Wegweiser f\u00fcr die kommende Zeit [&hellip;]<\/p>\n","protected":false},"author":1,"featured_media":0,"parent":0,"menu_order":4,"comment_status":"closed","ping_status":"closed","template":"page_home_video.php","meta":{"inline_featured_image":false,"footnotes":""},"acf":[],"yoast_head":"<!-- This site is optimized with the Yoast SEO plugin v23.5 - https:\/\/yoast.com\/wordpress\/plugins\/seo\/ -->\n<title>Innsbruck International 2024 \u2013 HEAVEN CAN WAIT<\/title>\n<meta name=\"description\" content=\"INNSBRUCK INTERNATIONAL is a contemporary biennial of the arts that invites international artists to make use of Innsbruck\u2019s extraordinary historical and contemporary venues in the presentation of their works of visual art, film, and sound as well as performances and installations.\" \/>\n<meta name=\"robots\" content=\"index, follow, max-snippet:-1, max-image-preview:large, max-video-preview:-1\" \/>\n<link rel=\"canonical\" href=\"https:\/\/2024.innsbruckinternational.com\/de\/\" \/>\n<meta property=\"og:locale\" content=\"de_DE\" \/>\n<meta property=\"og:type\" content=\"article\" \/>\n<meta property=\"og:title\" content=\"Innsbruck International 2024: Biennial of the Arts. HEAVEN CAN WAIT\" \/>\n<meta property=\"og:description\" content=\"INNSBRUCK INTERNATIONAL is a contemporary biennial of the arts that invites international artists to make use of Innsbruck\u2019s extraordinary historical and contemporary venues in the presentation of their works of visual art, film, and sound as well as performances and installations.\" \/>\n<meta property=\"og:url\" content=\"https:\/\/2024.innsbruckinternational.com\/de\/\" \/>\n<meta property=\"og:site_name\" content=\"Innsbruck International 2024\" \/>\n<meta property=\"article:publisher\" content=\"https:\/\/www.facebook.com\/InnsbruckInternational\/\" \/>\n<meta property=\"article:modified_time\" content=\"2025-07-14T10:25:15+00:00\" \/>\n<meta name=\"twitter:card\" content=\"summary_large_image\" \/>\n<meta name=\"twitter:label1\" content=\"Gesch\u00e4tzte Lesezeit\" \/>\n\t<meta name=\"twitter:data1\" content=\"2\u00a0Minuten\" \/>\n<script type=\"application\/ld+json\" class=\"yoast-schema-graph\">{\"@context\":\"https:\/\/schema.org\",\"@graph\":[{\"@type\":\"WebPage\",\"@id\":\"https:\/\/2024.innsbruckinternational.com\/de\/\",\"url\":\"https:\/\/2024.innsbruckinternational.com\/de\/\",\"name\":\"Innsbruck International 2024 \u2013 HEAVEN CAN WAIT\",\"isPartOf\":{\"@id\":\"https:\/\/2024.innsbruckinternational.com\/de\/#website\"},\"datePublished\":\"2018-01-26T08:45:47+00:00\",\"dateModified\":\"2025-07-14T10:25:15+00:00\",\"description\":\"INNSBRUCK INTERNATIONAL is a contemporary biennial of the arts that invites international artists to make use of Innsbruck\u2019s extraordinary historical and contemporary venues in the presentation of their works of visual art, film, and sound as well as performances and installations.\",\"breadcrumb\":{\"@id\":\"https:\/\/2024.innsbruckinternational.com\/de\/#breadcrumb\"},\"inLanguage\":\"de\",\"potentialAction\":[{\"@type\":\"ReadAction\",\"target\":[[\"https:\/\/2024.innsbruckinternational.com\/de\/\"]]}]},{\"@type\":\"BreadcrumbList\",\"@id\":\"https:\/\/2024.innsbruckinternational.com\/de\/#breadcrumb\",\"itemListElement\":[{\"@type\":\"ListItem\",\"position\":1,\"name\":\"Home\",\"item\":\"https:\/\/2024.innsbruckinternational.com\/de\/\"},{\"@type\":\"ListItem\",\"position\":2,\"name\":\"Startseite\"}]},{\"@type\":\"WebSite\",\"@id\":\"https:\/\/2024.innsbruckinternational.com\/de\/#website\",\"url\":\"https:\/\/2024.innsbruckinternational.com\/de\/\",\"name\":\"Innsbruck International 2024\",\"description\":\"Heaven can wait\",\"publisher\":{\"@id\":\"https:\/\/2024.innsbruckinternational.com\/de\/#organization\"},\"potentialAction\":[{\"@type\":\"SearchAction\",\"target\":{\"@type\":\"EntryPoint\",\"urlTemplate\":\"https:\/\/2024.innsbruckinternational.com\/de\/?s={search_term_string}\"},\"query-input\":{\"@type\":\"PropertyValueSpecification\",\"valueRequired\":true,\"valueName\":\"search_term_string\"}}],\"inLanguage\":\"de\"},{\"@type\":\"Organization\",\"@id\":\"https:\/\/2024.innsbruckinternational.com\/de\/#organization\",\"name\":\"Innsbruck International\",\"url\":\"https:\/\/2024.innsbruckinternational.com\/de\/\",\"logo\":{\"@type\":\"ImageObject\",\"inLanguage\":\"de\",\"@id\":\"https:\/\/2024.innsbruckinternational.com\/de\/#\/schema\/logo\/image\/\",\"url\":\"https:\/\/2024.innsbruckinternational.com\/wp-content\/uploads\/2020\/02\/scontent-mxp1-1.xx_.fbcdn_.net-909623359989748.png\",\"contentUrl\":\"https:\/\/2024.innsbruckinternational.com\/wp-content\/uploads\/2020\/02\/scontent-mxp1-1.xx_.fbcdn_.net-909623359989748.png\",\"width\":1250,\"height\":1250,\"caption\":\"Innsbruck International\"},\"image\":{\"@id\":\"https:\/\/2024.innsbruckinternational.com\/de\/#\/schema\/logo\/image\/\"},\"sameAs\":[\"https:\/\/www.facebook.com\/InnsbruckInternational\/\",\"https:\/\/www.instagram.com\/innsbruckinternational\/\"]}]}<\/script>\n<!-- \/ Yoast SEO plugin. -->","yoast_head_json":{"title":"Innsbruck International 2024 \u2013 HEAVEN CAN WAIT","description":"INNSBRUCK INTERNATIONAL is a contemporary biennial of the arts that invites international artists to make use of Innsbruck\u2019s extraordinary historical and contemporary venues in the presentation of their works of visual art, film, and sound as well as performances and installations.","robots":{"index":"index","follow":"follow","max-snippet":"max-snippet:-1","max-image-preview":"max-image-preview:large","max-video-preview":"max-video-preview:-1"},"canonical":"https:\/\/2024.innsbruckinternational.com\/de\/","og_locale":"de_DE","og_type":"article","og_title":"Innsbruck International 2024: Biennial of the Arts. HEAVEN CAN WAIT","og_description":"INNSBRUCK INTERNATIONAL is a contemporary biennial of the arts that invites international artists to make use of Innsbruck\u2019s extraordinary historical and contemporary venues in the presentation of their works of visual art, film, and sound as well as performances and installations.","og_url":"https:\/\/2024.innsbruckinternational.com\/de\/","og_site_name":"Innsbruck International 2024","article_publisher":"https:\/\/www.facebook.com\/InnsbruckInternational\/","article_modified_time":"2025-07-14T10:25:15+00:00","twitter_card":"summary_large_image","twitter_misc":{"Gesch\u00e4tzte Lesezeit":"2\u00a0Minuten"},"schema":{"@context":"https:\/\/schema.org","@graph":[{"@type":"WebPage","@id":"https:\/\/2024.innsbruckinternational.com\/de\/","url":"https:\/\/2024.innsbruckinternational.com\/de\/","name":"Innsbruck International 2024 \u2013 HEAVEN CAN WAIT","isPartOf":{"@id":"https:\/\/2024.innsbruckinternational.com\/de\/#website"},"datePublished":"2018-01-26T08:45:47+00:00","dateModified":"2025-07-14T10:25:15+00:00","description":"INNSBRUCK INTERNATIONAL is a contemporary biennial of the arts that invites international artists to make use of Innsbruck\u2019s extraordinary historical and contemporary venues in the presentation of their works of visual art, film, and sound as well as performances and installations.","breadcrumb":{"@id":"https:\/\/2024.innsbruckinternational.com\/de\/#breadcrumb"},"inLanguage":"de","potentialAction":[{"@type":"ReadAction","target":[["https:\/\/2024.innsbruckinternational.com\/de\/"]]}]},{"@type":"BreadcrumbList","@id":"https:\/\/2024.innsbruckinternational.com\/de\/#breadcrumb","itemListElement":[{"@type":"ListItem","position":1,"name":"Home","item":"https:\/\/2024.innsbruckinternational.com\/de\/"},{"@type":"ListItem","position":2,"name":"Startseite"}]},{"@type":"WebSite","@id":"https:\/\/2024.innsbruckinternational.com\/de\/#website","url":"https:\/\/2024.innsbruckinternational.com\/de\/","name":"Innsbruck International 2024","description":"Heaven can wait","publisher":{"@id":"https:\/\/2024.innsbruckinternational.com\/de\/#organization"},"potentialAction":[{"@type":"SearchAction","target":{"@type":"EntryPoint","urlTemplate":"https:\/\/2024.innsbruckinternational.com\/de\/?s={search_term_string}"},"query-input":{"@type":"PropertyValueSpecification","valueRequired":true,"valueName":"search_term_string"}}],"inLanguage":"de"},{"@type":"Organization","@id":"https:\/\/2024.innsbruckinternational.com\/de\/#organization","name":"Innsbruck International","url":"https:\/\/2024.innsbruckinternational.com\/de\/","logo":{"@type":"ImageObject","inLanguage":"de","@id":"https:\/\/2024.innsbruckinternational.com\/de\/#\/schema\/logo\/image\/","url":"https:\/\/2024.innsbruckinternational.com\/wp-content\/uploads\/2020\/02\/scontent-mxp1-1.xx_.fbcdn_.net-909623359989748.png","contentUrl":"https:\/\/2024.innsbruckinternational.com\/wp-content\/uploads\/2020\/02\/scontent-mxp1-1.xx_.fbcdn_.net-909623359989748.png","width":1250,"height":1250,"caption":"Innsbruck International"},"image":{"@id":"https:\/\/2024.innsbruckinternational.com\/de\/#\/schema\/logo\/image\/"},"sameAs":["https:\/\/www.facebook.com\/InnsbruckInternational\/","https:\/\/www.instagram.com\/innsbruckinternational\/"]}]}},"_links":{"self":[{"href":"https:\/\/2024.innsbruckinternational.com\/de\/wp-json\/wp\/v2\/pages\/6"}],"collection":[{"href":"https:\/\/2024.innsbruckinternational.com\/de\/wp-json\/wp\/v2\/pages"}],"about":[{"href":"https:\/\/2024.innsbruckinternational.com\/de\/wp-json\/wp\/v2\/types\/page"}],"author":[{"embeddable":true,"href":"https:\/\/2024.innsbruckinternational.com\/de\/wp-json\/wp\/v2\/users\/1"}],"replies":[{"embeddable":true,"href":"https:\/\/2024.innsbruckinternational.com\/de\/wp-json\/wp\/v2\/comments?post=6"}],"version-history":[{"count":27,"href":"https:\/\/2024.innsbruckinternational.com\/de\/wp-json\/wp\/v2\/pages\/6\/revisions"}],"predecessor-version":[{"id":1723,"href":"https:\/\/2024.innsbruckinternational.com\/de\/wp-json\/wp\/v2\/pages\/6\/revisions\/1723"}],"wp:attachment":[{"href":"https:\/\/2024.innsbruckinternational.com\/de\/wp-json\/wp\/v2\/media?parent=6"}],"curies":[{"name":"wp","href":"https:\/\/api.w.org\/{rel}","templated":true}]}}