{"id":18,"date":"2018-01-26T08:53:18","date_gmt":"2018-01-26T08:53:18","guid":{"rendered":"http:\/\/2020.innsbruckinternational.com\/?page_id=18"},"modified":"2025-02-11T08:45:05","modified_gmt":"2025-02-11T08:45:05","slug":"about","status":"publish","type":"page","link":"https:\/\/2024.innsbruckinternational.com\/de\/about\/","title":{"rendered":"About"},"content":{"rendered":"<p>[vc_row][vc_column width=&#8220;1\/2&#8243;][vc_column_text]<\/p>\n<h1>About<\/h1>\n<p>INNSBRUCK INTERNATIONAL ist eine Biennale der zeitgen\u00f6ssischen Kunst, die inter\/nationale K\u00fcnstler*innen nach Innsbruck einl\u00e4dt, um die Stadt an au\u00dfergew\u00f6hnlichen historischen, sowie zeitgen\u00f6ssischen Orten mit bildender Kunst, Film- und Soundarbeiten, sowie Performances und Installationen zu bespielen.<\/p>\n<p>Nach seinem 10-Jahres-Jubil\u00e4um 2022 steuert INNSBRUCK INTERNATIONAL mit dem Thema HEAVEN CAN WAIT einen Wegweiser f\u00fcr die kommende Zeit bei: wie umgehen mit Naturkatastrophen, Migration, dem Aussterben von Tierarten und den Auswirkungen auf den einzelnen Menschen \u2013 sich einh\u00f6hlen oder der Katastrophe hingeben? F\u00fcr HEAVEN CAN WAIT hat INNSBRUCK INTERNATIONAL K\u00fcnstler:innen eingeladen, deren Arbeiten Strategien bieten, wie individuelle St\u00e4rke zu einem kollektiven \u00dcberleben beitragen kann.<\/p>\n<p>Innsbruck International ist ein Green Festival<\/p>\n<p><img loading=\"lazy\" decoding=\"async\" class=\"alignleft wp-image-1607 size-full\" style=\"mix-blend-mode: multiply;\" src=\"https:\/\/2024.innsbruckinternational.com\/wp-content\/uploads\/2024\/04\/BASIC_2024_RGB_PNG_BW-e1714380944481.png\" alt=\"\" width=\"250\" height=\"228\" \/><\/p>\n<p>Vorherige Ausgaben:<br \/>\n<a href=\"https:\/\/2022.innsbruckinternational.com\/de\/\">Innsbruck International 2022<\/a><br \/>\n<a href=\"http:\/\/2020.innsbruckinternational.com\" target=\"_blank\" rel=\"noopener\">Innsbruck International 2020<\/a><br \/>\n<a href=\"http:\/\/2018.innsbruckinternational.com\" target=\"_blank\" rel=\"noopener\">Innsbruck International 2018<\/a><br \/>\n<a href=\"http:\/\/2016.innsbruckinternational.com\" target=\"_blank\" rel=\"noopener\">Innsbruck International 2016<\/a><br \/>\n<a href=\"http:\/\/2013.innsbruckinternational.com\" target=\"_blank\" rel=\"noopener\">Innsbruck International 2013<\/a><\/p>\n<hr \/>\n<p>[\/vc_column_text][\/vc_column][vc_column width=&#8220;1\/2&#8243;][vc_column_text]<\/p>\n<h1>Team<\/h1>\n<p>Leitung &gt;&gt; Tereza Kotyk<br \/>\nProduktion, Ausf\u00fchrende Kuratorin &gt;&gt; Franziska Heubacher<br \/>\nKurator &gt;&gt; Chris Clarke<br \/>\nProduktionsassistenz, Kunstvermittlung, \u00d6ffentlichkeitsarbeit &gt;&gt; Mona Erhart<br \/>\nTeam Supervisor, Kunstvermittlung, \u00d6ffentlichkeitsarbeit &gt;&gt; Mara Birnegger<br \/>\nTechnische Leitung &gt;&gt; Tobias Wei\u00dfbacher, Otto Wulz<br \/>\nSoundtechniker &gt;&gt; David M\u00f6ssmer<br \/>\nSujetfotos &gt;&gt; Mia Maria Knoll<br \/>\nFotos &gt;&gt; Dino Bossnini<br \/>\nAusstellungsfotografie &gt;&gt; WEST.Fotostudio<br \/>\nBiennale-Crew &gt;&gt; Katharina Ceolan, Nora Anrather, Ivo Massimo, Francesco Munaro, Eva Nairz, Sophie Westreicher, Annika Leonie Franzmann, Julia Bechtold, Verena Puzik, Helene Loew, Lui Hirschmann, Paula Menzel, Ida Weigele, Pauline Lunglmeir, Pius Falke, Jakob Fl\u00f6\u00dfer, Elias Haslinger, Moritz Sachon, Paulina Gasteiger, Antonia Valentina Roe\u00dfner, Andreas Nelde, Nadja Wolf<\/p>\n<p>Design &gt;&gt; Studio Mut, Martin Kerschbaumer, Thomas Kronbichler, Anni Seligmann, <a href=\"http:\/\/studiomut.com\">studiomut.com<\/a><br \/>\nDevelopment &gt;&gt; Ernesto Bellei, <a href=\"https:\/\/hund.studio\">hund.studio<\/a>[\/vc_column_text][vc_column_text]<\/p>\n<hr \/>\n<h1>Partner Events<\/h1>\n<p>LISTENING CLOSELY \/ 26. &#8211; 29.4. &amp; 9. &#8211; 11.5.2024 \/ <a href=\"https:\/\/www.listeningclosely.eu\">www.listeningclosely.eu<\/a><\/p>\n<p>JOURNALISMUSFEST INNSBRUCK \/ 3. &#8211; 5.5.2024 \/ <a href=\"https:\/\/www.journalismusfest.org\">www.journalismusfest.org<br \/>\n<\/a><br \/>\nINNSBRUCK LIVE | H\u00d6REN. STAUNEN. SHOPPEN \/ 10.5.2024 \/ <a href=\"https:\/\/www.innsbruckmarketing.at\/innsbruck-live\">www.innsbruckmarketing.at<\/a><\/p>\n<p>GALLERY WEEK_END Tirol \/ 15. &#8211; 18.5.2024 \/ <a href=\"https:\/\/gallery-weekend-tirol.com\">gallery-weekend-tirol.com<\/a><\/p>\n<p>BOGENFEST | ZUG DR\u00dcBER &#8211; VIELFALT DRUNTER \/ 18.5.2024 \/ <a href=\"https:\/\/www.innsbruckmarketing.at\/bogenfest\">www.innsbruckmarketing.at<\/a><\/p>\n<p>INTERNATIONAL FILM FESTIVAL INNSBRUCK \/ 28.5. &#8211; 2.6.2024 \/ <a href=\"https:\/\/iffi.at\">www.iffi.at<\/a><\/p>\n<p>BIENNALE GHERD\u00cbINA 9. THE PARLIAMENT OF MARMOTS <em>\/ <\/em>31.05 &#8211; 01.09.2024 \/ <a href=\"https:\/\/www.biennalegherdeina.org\/\">www.biennalegherdeina.org<\/a>[\/vc_column_text][\/vc_column][\/vc_row][vc_row el_id=&#8220;tickets&#8220;][vc_column width=&#8220;1\/2&#8243;][vc_column_text]<\/p>\n<h1>Tickets<\/h1>\n<p>[\/vc_column_text][vc_column_text]<\/p>\n<p class=\"p1\"><span class=\"s1\">Biennale und Event Tickets sind ab 3.5. im INNSBRUCK INTERNATIONAL Office am Marktplatz<\/span><span class=\"s1\">\u00a0<\/span><span class=\"s1\">Innsbruck erh\u00e4ltlich:<br \/>\nMI-SO 11-19h<br \/>\n<\/span>Event Tickets sind auch an der Abendkassa erh\u00e4ltlich.<\/p>\n<p><span class=\"s1\">INFORMATION, RESERVIERUNG UND VORVERKAUF<br \/>\n<\/span><a href=\"mailto:info@innsbruckinternational.com\">info@innsbruckinternational.com<\/a><br \/>\n+43 (0) 677 627 567 80<br \/>\n(MO-FR 10 -18h)<\/p>\n<p>ON MOBILE<br \/>\n<a href=\"https:\/\/innsbruckint.app.link\/O76YdKpQk4\">Download the iOS Ticket-App<\/a><a href=\"https:\/\/innsbruckint.app.link\/GdXgPyddj2\"><br \/>\n<\/a><a href=\"https:\/\/innsbruckint.app.link\/oXABx4eQk4\">Download the Android Ticket-App<\/a><\/p>\n<p class=\"p1\"><span class=\"s1\">ART WALKS<br \/>\nDonnerstag 9.5. \/ 23.5.\u00a0 16h<br \/>\nSamstag 11.5. \/ 18.5. \/ 25.5.\u00a0 16h<br \/>\nTreffpunkt @Innsbruck International Office<\/span><\/p>\n<p>[\/vc_column_text][\/vc_column][vc_column width=&#8220;1\/2&#8243;][vc_column_text]BIENNALE TICKET<br \/>\n25 \u20ac \/ 20\u2009\u20ac<\/p>\n<p>Das Biennale Ticket inkludiert Ausstellungseintritte, Art Walks, eine Erm\u00e4\u00dfigung auf Event-Tickets, ein IVB-Ticket (1 Hin- und R\u00fcckfahrt) und den Biennale-Rucksack mit Programmbuch.<\/p>\n<hr \/>\n<p class=\"p1\">EVENT TICKETS<\/p>\n<p align=\"left\">3.5. &amp; 24.5. \/ 12.6. &amp; 16.6.2024 &#8211; 30 \u20ac<br \/>\nDoris Uhlich SONNE -&gt; Kammerspiele<br \/>\nTickets ausschlie\u00dflich unter <a href=\"https:\/\/www.landestheater.at\/produktion\/sonne\/\">www.landestheater.at\/produktion\/sonne\/<\/a><\/p>\n<p>5.5.2024 &#8211; 20 \u20ac \/ 15 \u20ac<br \/>\nDoris Uhlich SUNNY BODY -&gt; Tiroler Landestheater<\/p>\n<p>11.5.2024 &#8211; 20 \u20ac \/ 15 \u20ac<br \/>\nWALKING CONCERT: Austrofred -&gt; Treffpunkt: Innsbruck International Office<\/p>\n<p>12.5.2024 &#8211; 20 \u20ac \/ 15 \u20ac<br \/>\nWALKING CONCERT: Anna Mabo -&gt; Treffpunkt: Innsbruck International Office<\/p>\n<p>17.5.2024 &#8211; 30 \u20ac<br \/>\nDoris Uhlich SUN site specific -&gt; Bergisel<\/p>\n<p>26.5.2024 &#8211; 10 \u20ac \/ 8 \u20ac<br \/>\nPhilipp Fleischmann -&gt; Leokino<\/p>\n<hr \/>\n<p class=\"p1\"><span class=\"s1\">Erm\u00e4\u00dfigung f\u00fcr \u00d61 Club-Mitglieder, \u00d61 intro-Mitglieder und Studierende. <\/span>Partnerin von Hunger auf Kunst und Kultur<\/p>\n<p class=\"p1\"><span class=\"s1\">\u00a0<\/span><\/p>\n<p>[\/vc_column_text][vc_column_text]Sponsor:innen<\/p>\n<p><img loading=\"lazy\" decoding=\"async\" class=\"alignnone size-full wp-image-1610\" style=\"mix-blend-mode: multiply;\" src=\"https:\/\/2024.innsbruckinternational.com\/wp-content\/uploads\/2024\/04\/II_2024_WebSponsors_horizontal.png\" alt=\"\" width=\"842\" height=\"349\" srcset=\"https:\/\/2024.innsbruckinternational.com\/wp-content\/uploads\/2024\/04\/II_2024_WebSponsors_horizontal.png 842w, https:\/\/2024.innsbruckinternational.com\/wp-content\/uploads\/2024\/04\/II_2024_WebSponsors_horizontal-300x124.png 300w, https:\/\/2024.innsbruckinternational.com\/wp-content\/uploads\/2024\/04\/II_2024_WebSponsors_horizontal-768x318.png 768w\" sizes=\"(max-width: 842px) 100vw, 842px\" \/>[\/vc_column_text][\/vc_column][\/vc_row]<\/p>","protected":false},"excerpt":{"rendered":"<p>[vc_row][vc_column width=&#8220;1\/2&#8243;][vc_column_text] About INNSBRUCK INTERNATIONAL ist eine Biennale der zeitgen\u00f6ssischen Kunst, die inter\/nationale K\u00fcnstler*innen nach Innsbruck einl\u00e4dt, um die Stadt an au\u00dfergew\u00f6hnlichen historischen, sowie zeitgen\u00f6ssischen Orten mit bildender Kunst, Film- und Soundarbeiten, sowie Performances und Installationen zu bespielen. Nach seinem 10-Jahres-Jubil\u00e4um 2022 steuert INNSBRUCK INTERNATIONAL mit dem Thema HEAVEN CAN WAIT einen Wegweiser f\u00fcr die [&hellip;]<\/p>\n","protected":false},"author":1,"featured_media":0,"parent":0,"menu_order":5,"comment_status":"closed","ping_status":"closed","template":"","meta":{"inline_featured_image":false,"footnotes":""},"acf":[],"yoast_head":"<!-- This site is optimized with the Yoast SEO plugin v23.5 - https:\/\/yoast.com\/wordpress\/plugins\/seo\/ -->\n<title>About - Innsbruck International: Biennial of the Arts.<\/title>\n<meta name=\"description\" content=\"Innsbruck International is a contemporary biennial of the arts that invites international artists to make use of Innsbruck\u2019s extraordinary venues in the presentation of their works of visual art, film, and sound as well as performances. In 2018, the biennial will be informed by the theme of \u201cAgents of Social Change\u201d.\" \/>\n<meta name=\"robots\" content=\"index, follow, max-snippet:-1, max-image-preview:large, max-video-preview:-1\" \/>\n<link rel=\"canonical\" href=\"https:\/\/2024.innsbruckinternational.com\/de\/about\/\" \/>\n<meta property=\"og:locale\" content=\"de_DE\" \/>\n<meta property=\"og:type\" content=\"article\" \/>\n<meta property=\"og:title\" content=\"About - Innsbruck International: Biennial of the Arts.\" \/>\n<meta property=\"og:description\" content=\"Innsbruck International is a contemporary biennial of the arts that invites international artists to make use of Innsbruck\u2019s extraordinary venues in the presentation of their works of visual art, film, and sound as well as performances. In 2018, the biennial will be informed by the theme of \u201cAgents of Social Change\u201d.\" \/>\n<meta property=\"og:url\" content=\"https:\/\/2024.innsbruckinternational.com\/de\/about\/\" \/>\n<meta property=\"og:site_name\" content=\"Innsbruck International 2024\" \/>\n<meta property=\"article:publisher\" content=\"https:\/\/www.facebook.com\/InnsbruckInternational\/\" \/>\n<meta property=\"article:modified_time\" content=\"2025-02-11T08:45:05+00:00\" \/>\n<meta property=\"og:image\" content=\"https:\/\/2024.innsbruckinternational.com\/wp-content\/uploads\/2024\/04\/BASIC_2024_RGB_PNG_BW-e1714380944481.png\" \/>\n<meta name=\"twitter:card\" content=\"summary_large_image\" \/>\n<meta name=\"twitter:label1\" content=\"Gesch\u00e4tzte Lesezeit\" \/>\n\t<meta name=\"twitter:data1\" content=\"4\u00a0Minuten\" \/>\n<script type=\"application\/ld+json\" class=\"yoast-schema-graph\">{\"@context\":\"https:\/\/schema.org\",\"@graph\":[{\"@type\":\"WebPage\",\"@id\":\"https:\/\/2024.innsbruckinternational.com\/de\/about\/\",\"url\":\"https:\/\/2024.innsbruckinternational.com\/de\/about\/\",\"name\":\"About - Innsbruck International: Biennial of the Arts.\",\"isPartOf\":{\"@id\":\"https:\/\/2024.innsbruckinternational.com\/de\/#website\"},\"primaryImageOfPage\":{\"@id\":\"https:\/\/2024.innsbruckinternational.com\/de\/about\/#primaryimage\"},\"image\":{\"@id\":\"https:\/\/2024.innsbruckinternational.com\/about\/#primaryimage\"},\"thumbnailUrl\":\"https:\/\/2024.innsbruckinternational.com\/wp-content\/uploads\/2024\/04\/BASIC_2024_RGB_PNG_BW-e1714380944481.png\",\"datePublished\":\"2018-01-26T08:53:18+00:00\",\"dateModified\":\"2025-02-11T08:45:05+00:00\",\"description\":\"Innsbruck International is a contemporary biennial of the arts that invites international artists to make use of Innsbruck\u2019s extraordinary venues in the presentation of their works of visual art, film, and sound as well as performances. In 2018, the biennial will be informed by the theme of \u201cAgents of Social Change\u201d.\",\"breadcrumb\":{\"@id\":\"https:\/\/2024.innsbruckinternational.com\/de\/about\/#breadcrumb\"},\"inLanguage\":\"de\",\"potentialAction\":[{\"@type\":\"ReadAction\",\"target\":[[\"https:\/\/2024.innsbruckinternational.com\/de\/about\/\"]]}]},{\"@type\":\"ImageObject\",\"inLanguage\":\"de\",\"@id\":\"https:\/\/2024.innsbruckinternational.com\/de\/about\/#primaryimage\",\"url\":\"https:\/\/2024.innsbruckinternational.com\/wp-content\/uploads\/2024\/04\/BASIC_2024_RGB_PNG_BW-e1714380944481.png\",\"contentUrl\":\"https:\/\/2024.innsbruckinternational.com\/wp-content\/uploads\/2024\/04\/BASIC_2024_RGB_PNG_BW-e1714380944481.png\"},{\"@type\":\"BreadcrumbList\",\"@id\":\"https:\/\/2024.innsbruckinternational.com\/de\/about\/#breadcrumb\",\"itemListElement\":[{\"@type\":\"ListItem\",\"position\":1,\"name\":\"Home\",\"item\":\"https:\/\/2024.innsbruckinternational.com\/de\/\"},{\"@type\":\"ListItem\",\"position\":2,\"name\":\"About\"}]},{\"@type\":\"WebSite\",\"@id\":\"https:\/\/2024.innsbruckinternational.com\/de\/#website\",\"url\":\"https:\/\/2024.innsbruckinternational.com\/de\/\",\"name\":\"Innsbruck International 2024\",\"description\":\"Heaven can wait\",\"publisher\":{\"@id\":\"https:\/\/2024.innsbruckinternational.com\/de\/#organization\"},\"potentialAction\":[{\"@type\":\"SearchAction\",\"target\":{\"@type\":\"EntryPoint\",\"urlTemplate\":\"https:\/\/2024.innsbruckinternational.com\/de\/?s={search_term_string}\"},\"query-input\":{\"@type\":\"PropertyValueSpecification\",\"valueRequired\":true,\"valueName\":\"search_term_string\"}}],\"inLanguage\":\"de\"},{\"@type\":\"Organization\",\"@id\":\"https:\/\/2024.innsbruckinternational.com\/de\/#organization\",\"name\":\"Innsbruck International\",\"url\":\"https:\/\/2024.innsbruckinternational.com\/de\/\",\"logo\":{\"@type\":\"ImageObject\",\"inLanguage\":\"de\",\"@id\":\"https:\/\/2024.innsbruckinternational.com\/de\/#\/schema\/logo\/image\/\",\"url\":\"https:\/\/2024.innsbruckinternational.com\/wp-content\/uploads\/2020\/02\/scontent-mxp1-1.xx_.fbcdn_.net-909623359989748.png\",\"contentUrl\":\"https:\/\/2024.innsbruckinternational.com\/wp-content\/uploads\/2020\/02\/scontent-mxp1-1.xx_.fbcdn_.net-909623359989748.png\",\"width\":1250,\"height\":1250,\"caption\":\"Innsbruck International\"},\"image\":{\"@id\":\"https:\/\/2024.innsbruckinternational.com\/de\/#\/schema\/logo\/image\/\"},\"sameAs\":[\"https:\/\/www.facebook.com\/InnsbruckInternational\/\",\"https:\/\/www.instagram.com\/innsbruckinternational\/\"]}]}<\/script>\n<!-- \/ Yoast SEO plugin. -->","yoast_head_json":{"title":"About - Innsbruck International: Biennial of the Arts.","description":"Innsbruck International is a contemporary biennial of the arts that invites international artists to make use of Innsbruck\u2019s extraordinary venues in the presentation of their works of visual art, film, and sound as well as performances. In 2018, the biennial will be informed by the theme of \u201cAgents of Social Change\u201d.","robots":{"index":"index","follow":"follow","max-snippet":"max-snippet:-1","max-image-preview":"max-image-preview:large","max-video-preview":"max-video-preview:-1"},"canonical":"https:\/\/2024.innsbruckinternational.com\/de\/about\/","og_locale":"de_DE","og_type":"article","og_title":"About - Innsbruck International: Biennial of the Arts.","og_description":"Innsbruck International is a contemporary biennial of the arts that invites international artists to make use of Innsbruck\u2019s extraordinary venues in the presentation of their works of visual art, film, and sound as well as performances. In 2018, the biennial will be informed by the theme of \u201cAgents of Social Change\u201d.","og_url":"https:\/\/2024.innsbruckinternational.com\/de\/about\/","og_site_name":"Innsbruck International 2024","article_publisher":"https:\/\/www.facebook.com\/InnsbruckInternational\/","article_modified_time":"2025-02-11T08:45:05+00:00","og_image":[{"url":"https:\/\/2024.innsbruckinternational.com\/wp-content\/uploads\/2024\/04\/BASIC_2024_RGB_PNG_BW-e1714380944481.png"}],"twitter_card":"summary_large_image","twitter_misc":{"Gesch\u00e4tzte Lesezeit":"4\u00a0Minuten"},"schema":{"@context":"https:\/\/schema.org","@graph":[{"@type":"WebPage","@id":"https:\/\/2024.innsbruckinternational.com\/de\/about\/","url":"https:\/\/2024.innsbruckinternational.com\/de\/about\/","name":"About - Innsbruck International: Biennial of the Arts.","isPartOf":{"@id":"https:\/\/2024.innsbruckinternational.com\/de\/#website"},"primaryImageOfPage":{"@id":"https:\/\/2024.innsbruckinternational.com\/de\/about\/#primaryimage"},"image":{"@id":"https:\/\/2024.innsbruckinternational.com\/about\/#primaryimage"},"thumbnailUrl":"https:\/\/2024.innsbruckinternational.com\/wp-content\/uploads\/2024\/04\/BASIC_2024_RGB_PNG_BW-e1714380944481.png","datePublished":"2018-01-26T08:53:18+00:00","dateModified":"2025-02-11T08:45:05+00:00","description":"Innsbruck International is a contemporary biennial of the arts that invites international artists to make use of Innsbruck\u2019s extraordinary venues in the presentation of their works of visual art, film, and sound as well as performances. In 2018, the biennial will be informed by the theme of \u201cAgents of Social Change\u201d.","breadcrumb":{"@id":"https:\/\/2024.innsbruckinternational.com\/de\/about\/#breadcrumb"},"inLanguage":"de","potentialAction":[{"@type":"ReadAction","target":[["https:\/\/2024.innsbruckinternational.com\/de\/about\/"]]}]},{"@type":"ImageObject","inLanguage":"de","@id":"https:\/\/2024.innsbruckinternational.com\/de\/about\/#primaryimage","url":"https:\/\/2024.innsbruckinternational.com\/wp-content\/uploads\/2024\/04\/BASIC_2024_RGB_PNG_BW-e1714380944481.png","contentUrl":"https:\/\/2024.innsbruckinternational.com\/wp-content\/uploads\/2024\/04\/BASIC_2024_RGB_PNG_BW-e1714380944481.png"},{"@type":"BreadcrumbList","@id":"https:\/\/2024.innsbruckinternational.com\/de\/about\/#breadcrumb","itemListElement":[{"@type":"ListItem","position":1,"name":"Home","item":"https:\/\/2024.innsbruckinternational.com\/de\/"},{"@type":"ListItem","position":2,"name":"About"}]},{"@type":"WebSite","@id":"https:\/\/2024.innsbruckinternational.com\/de\/#website","url":"https:\/\/2024.innsbruckinternational.com\/de\/","name":"Innsbruck International 2024","description":"Heaven can wait","publisher":{"@id":"https:\/\/2024.innsbruckinternational.com\/de\/#organization"},"potentialAction":[{"@type":"SearchAction","target":{"@type":"EntryPoint","urlTemplate":"https:\/\/2024.innsbruckinternational.com\/de\/?s={search_term_string}"},"query-input":{"@type":"PropertyValueSpecification","valueRequired":true,"valueName":"search_term_string"}}],"inLanguage":"de"},{"@type":"Organization","@id":"https:\/\/2024.innsbruckinternational.com\/de\/#organization","name":"Innsbruck International","url":"https:\/\/2024.innsbruckinternational.com\/de\/","logo":{"@type":"ImageObject","inLanguage":"de","@id":"https:\/\/2024.innsbruckinternational.com\/de\/#\/schema\/logo\/image\/","url":"https:\/\/2024.innsbruckinternational.com\/wp-content\/uploads\/2020\/02\/scontent-mxp1-1.xx_.fbcdn_.net-909623359989748.png","contentUrl":"https:\/\/2024.innsbruckinternational.com\/wp-content\/uploads\/2020\/02\/scontent-mxp1-1.xx_.fbcdn_.net-909623359989748.png","width":1250,"height":1250,"caption":"Innsbruck International"},"image":{"@id":"https:\/\/2024.innsbruckinternational.com\/de\/#\/schema\/logo\/image\/"},"sameAs":["https:\/\/www.facebook.com\/InnsbruckInternational\/","https:\/\/www.instagram.com\/innsbruckinternational\/"]}]}},"_links":{"self":[{"href":"https:\/\/2024.innsbruckinternational.com\/de\/wp-json\/wp\/v2\/pages\/18"}],"collection":[{"href":"https:\/\/2024.innsbruckinternational.com\/de\/wp-json\/wp\/v2\/pages"}],"about":[{"href":"https:\/\/2024.innsbruckinternational.com\/de\/wp-json\/wp\/v2\/types\/page"}],"author":[{"embeddable":true,"href":"https:\/\/2024.innsbruckinternational.com\/de\/wp-json\/wp\/v2\/users\/1"}],"replies":[{"embeddable":true,"href":"https:\/\/2024.innsbruckinternational.com\/de\/wp-json\/wp\/v2\/comments?post=18"}],"version-history":[{"count":78,"href":"https:\/\/2024.innsbruckinternational.com\/de\/wp-json\/wp\/v2\/pages\/18\/revisions"}],"predecessor-version":[{"id":1719,"href":"https:\/\/2024.innsbruckinternational.com\/de\/wp-json\/wp\/v2\/pages\/18\/revisions\/1719"}],"wp:attachment":[{"href":"https:\/\/2024.innsbruckinternational.com\/de\/wp-json\/wp\/v2\/media?parent=18"}],"curies":[{"name":"wp","href":"https:\/\/api.w.org\/{rel}","templated":true}]}}